{"id":154,"date":"2017-02-27T08:45:18","date_gmt":"2017-02-27T08:45:18","guid":{"rendered":"http:\/\/amarone92.fr\/?page_id=154"},"modified":"2017-02-27T08:45:18","modified_gmt":"2017-02-27T08:45:18","slug":"mentions-legales-restaurant-amarone-bourg-reine","status":"publish","type":"page","link":"https:\/\/amarone92.fr\/index.php\/mentions-legales-restaurant-amarone-bourg-reine\/","title":{"rendered":"Mentions l\u00e9gales restaurant Amarone Bourg-la-Reine"},"content":{"rendered":"<p style=\"padding-left: 60px;\">MENTIONS LEGALES :<\/p>\n<p style=\"padding-left: 60px;\">1. Pr\u00e9sentation du site :<br \/>\nConform\u00e9ment aux dispositions des articles 6-III et 19 de la Loi n\u00b0 2004-575 du 21 juin 2004 pour la Confiance dans l&rsquo;\u00e9conomie num\u00e9rique, dite L.C.E.N.,<br \/>\nnous portons \u00e0 la connaissance des utilisateurs et visiteurs du site : <a href=\"http:\/\/amarone92.fr\">www.amarone92.fr<\/a> les informations suivantes :<\/p>\n<p style=\"padding-left: 60px;\">Informations l\u00e9gales :<br \/>\nStatut du propri\u00e9taire : soci\u00e9t\u00e9<br \/>\nPr\u00e9fixe : SARL<br \/>\nNom de la Soci\u00e9t\u00e9 : CGM<br \/>\nAdresse : 108 AVENUE DU GENERAL LECLERC 92340 BOURG-LA-REINE<br \/>\nT\u00e9l : 01 47 02 82 39<br \/>\nAu Capital de : 10 000 \u20ac<br \/>\nSIRET : 81827771700018\u00a0\u00a0 R.C.S. : 818277717 Nanterre<br \/>\nNum\u00e9ro TVA intracommunautaire : FR27 818277717<br \/>\nAdresse de courrier \u00e9lectronique : amarone92@orange.fr<\/p>\n<p style=\"padding-left: 60px;\">Le Cr\u00e9ateur du site est :\u00a0<a href=\"http:\/\/1chr.fr\/\">1CHR<\/a><br \/>\nLe Responsable de la publication est : Johan DUPART<br \/>\nContactez le responsable de la publication : crea@1chr.fr<br \/>\nLe responsable de la publication est une personne physique<\/p>\n<p style=\"padding-left: 60px;\">Le Webmaster est : johan Dupart<br \/>\nContactez le Webmaster : crea@1chr.fr<br \/>\nL\u2019h\u00e9bergeur du site est : 1&amp;1 Internet SARL &#8211; 7, place de la Gare &#8211; BP 70109 &#8211; 57201 Sarreguemines Cedex<\/p>\n<p style=\"padding-left: 60px;\">2. Description des services fournis :<br \/>\nLe site\u00a0<a href=\"http:\/\/amarone92.fr\/\">www.amarone92.fr<\/a>\u00a0a pour objet de fournir une information concernant l\u2019ensemble des activit\u00e9s de la soci\u00e9t\u00e9.<br \/>\nLe propri\u00e9taire du site s\u2019efforce de fournir sur le site\u00a0<a href=\"http:\/\/amarone92.fr\/\">www.amarone92.fr<\/a>\u00a0des informations aussi pr\u00e9cises que possible.<br \/>\nToutefois, il ne pourra \u00eatre tenue responsable des omissions, des inexactitudes et des carences dans la mise \u00e0 jour,<br \/>\nqu\u2019elles soient de son fait ou du fait des tiers partenaires qui lui fournissent ces informations.<br \/>\nTous les informations propos\u00e9es sur le site\u00a0<a href=\"http:\/\/amarone92.fr\/\">www.amarone92.fr<\/a>\u00a0\u00a0sont donn\u00e9es \u00e0 titre indicatif,<br \/>\nsont non exhaustives, et sont susceptibles d\u2019\u00e9voluer.<br \/>\nElles sont donn\u00e9es sous r\u00e9serve de modifications ayant \u00e9t\u00e9 apport\u00e9es depuis leur mise en ligne.<\/p>\n<p style=\"padding-left: 60px;\">3. Propri\u00e9t\u00e9 intellectuelle et contrefa\u00e7ons :<br \/>\nLe propri\u00e9taire du site est propri\u00e9taire des droits de propri\u00e9t\u00e9 intellectuelle ou d\u00e9tient les droits d\u2019usage sur tous les \u00e9l\u00e9ments accessibles sur le site,<br \/>\nnotamment les textes, images, graphismes, logo, ic\u00f4nes, sons, logiciels\u2026<br \/>\nToute reproduction, repr\u00e9sentation, modification, publication, adaptation totale ou partielle des \u00e9l\u00e9ments du site,<br \/>\nquel que soit le moyen ou le proc\u00e9d\u00e9 utilis\u00e9, est interdite, sauf autorisation \u00e9crite pr\u00e9alable \u00e0 l&#8217;email : crea@1chr.fr<br \/>\nToute exploitation non autoris\u00e9e du site ou de l\u2019un quelconque de ces \u00e9l\u00e9ments qu\u2019il contient sera consid\u00e9r\u00e9e comme constitutive d\u2019une contrefa\u00e7on<br \/>\net poursuivie conform\u00e9ment aux dispositions des articles L.335-2 et suivants du Code de Propri\u00e9t\u00e9 Intellectuelle.<\/p>\n<p style=\"padding-left: 60px;\">4. Liens hypertextes et cookies :<br \/>\nLe site\u00a0<a href=\"http:\/\/amarone92.fr\/\">www.amarone92.fr<\/a>\u00a0\u00a0contient un certain nombre de liens hypertextes vers d\u2019autres sites (partenaires, informations\u2026)<br \/>\nmis en place avec l\u2019autorisation de le propri\u00e9taire du site. Cependant, le propri\u00e9taire du site n\u2019a pas la possibilit\u00e9 de v\u00e9rifier le contenu des sites<br \/>\nainsi visit\u00e9s et d\u00e9cline donc toute responsabilit\u00e9 de ce fait quand aux risques \u00e9ventuels de contenus illicites.<\/p>\n<p style=\"padding-left: 60px;\">L\u2019utilisateur est inform\u00e9 que lors de ses visites sur le site\u00a0<a href=\"http:\/\/amarone92.fr\/\">www.amarone92.fr<\/a>, un ou des cookies sont susceptible de s\u2019installer automatiquement sur son ordinateur.<br \/>\nUn cookie est un fichier de petite taille, qui ne permet pas l\u2019identification de l\u2019utilisateur, mais qui enregistre des informations relatives \u00e0 la navigation d\u2019un ordinateur sur un site.<br \/>\nLes donn\u00e9es ainsi obtenues visent \u00e0 faciliter la navigation ult\u00e9rieure sur le site, et ont \u00e9galement vocation \u00e0 permettre diverses mesures de fr\u00e9quentation.<\/p>\n<p style=\"padding-left: 60px;\">Le param\u00e9trage du logiciel de navigation permet d\u2019informer de la pr\u00e9sence de cookie et \u00e9ventuellement, de refuser de la mani\u00e8re d\u00e9crite \u00e0 l\u2019adresse suivante : www.cnil.fr<br \/>\nLe refus d\u2019installation d\u2019un cookie peut entra\u00eener l\u2019impossibilit\u00e9 d\u2019acc\u00e9der \u00e0 certains services. L\u2019utilisateur peut toutefois configurer son ordinateur de la mani\u00e8re suivante,<br \/>\npour refuser l\u2019installation des cookies : Sous Internet Explorer : onglet outil \/ options internet. Cliquez sur Confidentialit\u00e9 et choisissez Bloquer tous les cookies. Validez sur Ok.<br \/>\nSous Netscape : onglet \u00e9dition \/ pr\u00e9f\u00e9rences. Cliquez sur Avanc\u00e9es et choisissez D\u00e9sactiver les cookies. Validez sur Ok.<\/p>\n<p style=\"padding-left: 60px;\">5. Protection des biens et des personnes &#8211; gestion des donn\u00e9es personnelles :<\/p>\n<p style=\"padding-left: 60px;\">Utilisateur : Internaute se connectant, utilisant le site susnomm\u00e9 :\u00a0<a href=\"http:\/\/amarone92.fr\/\">www.amarone92.fr<\/a><br \/>\nEn France, les donn\u00e9es personnelles sont notamment prot\u00e9g\u00e9es par la loi n\u00b0 78-87 du 6 janvier 1978,<br \/>\nla loi n\u00b0 2004-801 du 6 ao\u00fbt 2004, l&rsquo;article L. 226-13 du Code p\u00e9nal et la Directive Europ\u00e9enne du 24 octobre 1995.<\/p>\n<p style=\"padding-left: 60px;\">Sur le site\u00a0<a href=\"http:\/\/amarone92.fr\/\">www.amarone92.fr<\/a>, le propri\u00e9taire du site ne collecte des informations personnelles relatives \u00e0 l&rsquo;utilisateur<br \/>\nque pour le besoin de certains services propos\u00e9s par le site\u00a0<a href=\"http:\/\/amarone92.fr\/\">www.amarone92.fr<\/a>. L&rsquo;utilisateur fournit ces informations en toute connaissance de cause,<br \/>\nnotamment lorsqu&rsquo;il proc\u00e8de par lui-m\u00eame \u00e0 leur saisie. Il est alors pr\u00e9cis\u00e9 \u00e0 l&rsquo;utilisateur du site\u00a0<a href=\"http:\/\/amarone92.fr\/\">www.amarone92.fr<\/a>\u00a0l\u2019obligation ou non de fournir ces informations.<br \/>\nConform\u00e9ment aux dispositions des articles 38 et suivants de la loi 78-17 du 6 janvier 1978 relative \u00e0 l\u2019informatique, aux fichiers et aux libert\u00e9s,<br \/>\ntout utilisateur dispose d\u2019un droit d\u2019acc\u00e8s, de rectification, de suppression et d\u2019opposition aux donn\u00e9es personnelles le concernant.<br \/>\nPour l\u2019exercer, adressez votre demande \u00e0\u00a0<a href=\"http:\/\/amarone92.fr\/\">www.amarone92.fr<\/a>\u00a0par email : email du webmaster ou en effectuant sa demande \u00e9crite et sign\u00e9e,<br \/>\naccompagn\u00e9e d\u2019une copie du titre d\u2019identit\u00e9 avec signature du titulaire de la pi\u00e8ce, en pr\u00e9cisant l\u2019adresse \u00e0 laquelle la r\u00e9ponse doit \u00eatre envoy\u00e9e.<\/p>\n<p style=\"padding-left: 60px;\">Aucune information personnelle de l&rsquo;utilisateur du site\u00a0<a href=\"http:\/\/amarone92.fr\/\">www.amarone92.fr<\/a>\u00a0n&rsquo;est publi\u00e9e \u00e0 l&rsquo;insu de l&rsquo;utilisateur, \u00e9chang\u00e9e, transf\u00e9r\u00e9e,<br \/>\nc\u00e9d\u00e9e ou vendue sur un support quelconque \u00e0 des tiers. Seule l&rsquo;hypoth\u00e8se du rachat du site\u00a0<a href=\"http:\/\/amarone92.fr\/\">www.amarone92.fr<\/a><br \/>\n\u00e0 le propri\u00e9taire du site et de ses droits permettrait la transmission des dites informations \u00e0 l&rsquo;\u00e9ventuel acqu\u00e9reur qui serait \u00e0 son tour tenu de la m\u00eame obligation de conservation<br \/>\net de modification des donn\u00e9es vis \u00e0 vis de l&rsquo;utilisateur du site\u00a0<a href=\"http:\/\/amarone92.fr\/\">www.amarone92.fr<\/a>.<\/p>\n<p style=\"padding-left: 60px;\">Les bases de donn\u00e9es sont prot\u00e9g\u00e9es par les dispositions de la loi du 1er juillet 1998 transposant la directive 96\/9 du 11 mars 1996 relative \u00e0 la protection juridique des bases de donn\u00e9es.<\/p>\n","protected":false},"excerpt":{"rendered":"<p>MENTIONS LEGALES : 1. Pr\u00e9sentation du site : Conform\u00e9ment aux dispositions des articles 6-III et 19 de la Loi n\u00b0 2004-575 du 21 juin 2004 pour la Confiance dans l&rsquo;\u00e9conomie num\u00e9rique, dite L.C.E.N., nous portons \u00e0 la connaissance des utilisateurs et visiteurs du site : www.amarone92.fr les informations suivantes : Informations l\u00e9gales : Statut du [&hellip;]<\/p>\n","protected":false},"author":5,"featured_media":0,"parent":0,"menu_order":0,"comment_status":"closed","ping_status":"closed","template":"","meta":{"footnotes":""},"class_list":["post-154","page","type-page","status-publish","hentry"],"_links":{"self":[{"href":"https:\/\/amarone92.fr\/index.php\/wp-json\/wp\/v2\/pages\/154","targetHints":{"allow":["GET"]}}],"collection":[{"href":"https:\/\/amarone92.fr\/index.php\/wp-json\/wp\/v2\/pages"}],"about":[{"href":"https:\/\/amarone92.fr\/index.php\/wp-json\/wp\/v2\/types\/page"}],"author":[{"embeddable":true,"href":"https:\/\/amarone92.fr\/index.php\/wp-json\/wp\/v2\/users\/5"}],"replies":[{"embeddable":true,"href":"https:\/\/amarone92.fr\/index.php\/wp-json\/wp\/v2\/comments?post=154"}],"version-history":[{"count":2,"href":"https:\/\/amarone92.fr\/index.php\/wp-json\/wp\/v2\/pages\/154\/revisions"}],"predecessor-version":[{"id":156,"href":"https:\/\/amarone92.fr\/index.php\/wp-json\/wp\/v2\/pages\/154\/revisions\/156"}],"wp:attachment":[{"href":"https:\/\/amarone92.fr\/index.php\/wp-json\/wp\/v2\/media?parent=154"}],"curies":[{"name":"wp","href":"https:\/\/api.w.org\/{rel}","templated":true}]}}